
{"id":3140,"date":"2018-08-13T22:02:40","date_gmt":"2018-08-14T01:02:40","guid":{"rendered":"http:\/\/voxcwb.com.br\/w\/?post_type=product&#038;p=3140"},"modified":"2018-12-20T17:28:09","modified_gmt":"2018-12-20T19:28:09","slug":"bar-domus","status":"publish","type":"product","link":"http:\/\/voxcwb.com.br\/w\/produto\/bar-domus\/","title":{"rendered":"Bar Domus"},"content":{"rendered":"<p>c\/ ilumina\u00e7\u00e3o interna por controle remoto-9 op\u00e7\u00f5es de cores-montagem com 16 m\u00f3dulos de 90cm<\/p>\n","protected":false},"excerpt":{"rendered":"<p>c\/ ilumina\u00e7\u00e3o interna por controle remoto-9 op\u00e7\u00f5es de cores-montagem com 16 m\u00f3dulos de 90cm<\/p>\n","protected":false},"featured_media":6129,"template":"","meta":[],"product_cat":[65],"product_tag":[],"_links":{"self":[{"href":"http:\/\/voxcwb.com.br\/w\/wp-json\/wp\/v2\/product\/3140"}],"collection":[{"href":"http:\/\/voxcwb.com.br\/w\/wp-json\/wp\/v2\/product"}],"about":[{"href":"http:\/\/voxcwb.com.br\/w\/wp-json\/wp\/v2\/types\/product"}],"wp:featuredmedia":[{"embeddable":true,"href":"http:\/\/voxcwb.com.br\/w\/wp-json\/wp\/v2\/media\/6129"}],"wp:attachment":[{"href":"http:\/\/voxcwb.com.br\/w\/wp-json\/wp\/v2\/media?parent=3140"}],"wp:term":[{"taxonomy":"product_cat","embeddable":true,"href":"http:\/\/voxcwb.com.br\/w\/wp-json\/wp\/v2\/product_cat?post=3140"},{"taxonomy":"product_tag","embeddable":true,"href":"http:\/\/voxcwb.com.br\/w\/wp-json\/wp\/v2\/product_tag?post=3140"}],"curies":[{"name":"wp","href":"https:\/\/api.w.org\/{rel}","templated":true}]}}