
{"id":3421,"date":"2018-10-04T15:27:26","date_gmt":"2018-10-04T18:27:26","guid":{"rendered":"http:\/\/voxcwb.com.br\/w\/?post_type=product&#038;p=3421"},"modified":"2019-03-13T19:15:17","modified_gmt":"2019-03-13T22:15:17","slug":"candelabro-de-chao-antuerpia-2","status":"publish","type":"product","link":"http:\/\/voxcwb.com.br\/w\/produto\/candelabro-de-chao-antuerpia-2\/","title":{"rendered":"candelabro de ch\u00e3o Antu\u00e9rpia"},"content":{"rendered":"<p>em prata e cristais com 35 l\u00e2mpadas 2m<\/p>\n","protected":false},"excerpt":{"rendered":"<p>em prata e cristais com 35 l\u00e2mpadas 2m<\/p>\n","protected":false},"featured_media":3423,"template":"","meta":[],"product_cat":[67],"product_tag":[96,98],"_links":{"self":[{"href":"http:\/\/voxcwb.com.br\/w\/wp-json\/wp\/v2\/product\/3421"}],"collection":[{"href":"http:\/\/voxcwb.com.br\/w\/wp-json\/wp\/v2\/product"}],"about":[{"href":"http:\/\/voxcwb.com.br\/w\/wp-json\/wp\/v2\/types\/product"}],"wp:featuredmedia":[{"embeddable":true,"href":"http:\/\/voxcwb.com.br\/w\/wp-json\/wp\/v2\/media\/3423"}],"wp:attachment":[{"href":"http:\/\/voxcwb.com.br\/w\/wp-json\/wp\/v2\/media?parent=3421"}],"wp:term":[{"taxonomy":"product_cat","embeddable":true,"href":"http:\/\/voxcwb.com.br\/w\/wp-json\/wp\/v2\/product_cat?post=3421"},{"taxonomy":"product_tag","embeddable":true,"href":"http:\/\/voxcwb.com.br\/w\/wp-json\/wp\/v2\/product_tag?post=3421"}],"curies":[{"name":"wp","href":"https:\/\/api.w.org\/{rel}","templated":true}]}}