
{"id":4043,"date":"2018-07-25T17:11:44","date_gmt":"2018-07-25T20:11:44","guid":{"rendered":"http:\/\/voxcwb.com.br\/w\/?post_type=product&#038;p=4043"},"modified":"2018-12-20T11:06:25","modified_gmt":"2018-12-20T13:06:25","slug":"lustre-gigante-constelacao","status":"publish","type":"product","link":"http:\/\/voxcwb.com.br\/w\/produto\/lustre-gigante-constelacao\/","title":{"rendered":"lustre Gigante Constela\u00e7\u00e3o"},"content":{"rendered":"<p>em cristal com 62 bra\u00e7os e mangas em cristal<br \/>\n2,80m<\/p>\n","protected":false},"excerpt":{"rendered":"<p>em cristal com 62 bra\u00e7os e mangas em cristal 2,80m<\/p>\n","protected":false},"featured_media":6078,"template":"","meta":[],"product_cat":[69],"product_tag":[96],"_links":{"self":[{"href":"http:\/\/voxcwb.com.br\/w\/wp-json\/wp\/v2\/product\/4043"}],"collection":[{"href":"http:\/\/voxcwb.com.br\/w\/wp-json\/wp\/v2\/product"}],"about":[{"href":"http:\/\/voxcwb.com.br\/w\/wp-json\/wp\/v2\/types\/product"}],"wp:featuredmedia":[{"embeddable":true,"href":"http:\/\/voxcwb.com.br\/w\/wp-json\/wp\/v2\/media\/6078"}],"wp:attachment":[{"href":"http:\/\/voxcwb.com.br\/w\/wp-json\/wp\/v2\/media?parent=4043"}],"wp:term":[{"taxonomy":"product_cat","embeddable":true,"href":"http:\/\/voxcwb.com.br\/w\/wp-json\/wp\/v2\/product_cat?post=4043"},{"taxonomy":"product_tag","embeddable":true,"href":"http:\/\/voxcwb.com.br\/w\/wp-json\/wp\/v2\/product_tag?post=4043"}],"curies":[{"name":"wp","href":"https:\/\/api.w.org\/{rel}","templated":true}]}}