
{"id":4296,"date":"2018-08-05T10:51:30","date_gmt":"2018-08-05T13:51:30","guid":{"rendered":"http:\/\/voxcwb.com.br\/w\/?post_type=product&#038;p=4296"},"modified":"2019-03-14T11:41:54","modified_gmt":"2019-03-14T14:41:54","slug":"mesas-laterais-saarinen-redonda","status":"publish","type":"product","link":"http:\/\/voxcwb.com.br\/w\/produto\/mesas-laterais-saarinen-redonda\/","title":{"rendered":"Mesas Laterais Saarinen redonda"},"content":{"rendered":"<p>(51cm X 40cm)<br \/>\nOp\u00e7\u00f2es: jacarand\u00e1, vitrificada vermelha, vitrificada branca, preta\/branca com espelho, prateada, dourada, com tampo em m\u00e1rmore, com tampo em m\u00e1rmore negro<\/p>\n","protected":false},"excerpt":{"rendered":"<p>(51cm X 40cm) Op\u00e7\u00f2es: jacarand\u00e1, vitrificada vermelha, vitrificada branca, preta\/branca com espelho, prateada, dourada, com tampo em m\u00e1rmore, com tampo em m\u00e1rmore negro<\/p>\n","protected":false},"featured_media":7646,"template":"","meta":[],"product_cat":[72],"product_tag":[],"_links":{"self":[{"href":"http:\/\/voxcwb.com.br\/w\/wp-json\/wp\/v2\/product\/4296"}],"collection":[{"href":"http:\/\/voxcwb.com.br\/w\/wp-json\/wp\/v2\/product"}],"about":[{"href":"http:\/\/voxcwb.com.br\/w\/wp-json\/wp\/v2\/types\/product"}],"wp:featuredmedia":[{"embeddable":true,"href":"http:\/\/voxcwb.com.br\/w\/wp-json\/wp\/v2\/media\/7646"}],"wp:attachment":[{"href":"http:\/\/voxcwb.com.br\/w\/wp-json\/wp\/v2\/media?parent=4296"}],"wp:term":[{"taxonomy":"product_cat","embeddable":true,"href":"http:\/\/voxcwb.com.br\/w\/wp-json\/wp\/v2\/product_cat?post=4296"},{"taxonomy":"product_tag","embeddable":true,"href":"http:\/\/voxcwb.com.br\/w\/wp-json\/wp\/v2\/product_tag?post=4296"}],"curies":[{"name":"wp","href":"https:\/\/api.w.org\/{rel}","templated":true}]}}