
{"id":4317,"date":"2018-09-11T10:57:34","date_gmt":"2018-09-11T13:57:34","guid":{"rendered":"http:\/\/voxcwb.com.br\/w\/?post_type=product&#038;p=4317"},"modified":"2019-03-13T11:53:21","modified_gmt":"2019-03-13T14:53:21","slug":"taca-ambar-para-agua-com-filetes-ouro","status":"publish","type":"product","link":"http:\/\/voxcwb.com.br\/w\/produto\/taca-ambar-para-agua-com-filetes-ouro\/","title":{"rendered":"ta\u00e7a \u00e2mbar para \u00e1gua com filetes ouro"},"content":{"rendered":"","protected":false},"excerpt":{"rendered":"","protected":false},"featured_media":4318,"template":"","meta":[],"product_cat":[76],"product_tag":[],"_links":{"self":[{"href":"http:\/\/voxcwb.com.br\/w\/wp-json\/wp\/v2\/product\/4317"}],"collection":[{"href":"http:\/\/voxcwb.com.br\/w\/wp-json\/wp\/v2\/product"}],"about":[{"href":"http:\/\/voxcwb.com.br\/w\/wp-json\/wp\/v2\/types\/product"}],"wp:featuredmedia":[{"embeddable":true,"href":"http:\/\/voxcwb.com.br\/w\/wp-json\/wp\/v2\/media\/4318"}],"wp:attachment":[{"href":"http:\/\/voxcwb.com.br\/w\/wp-json\/wp\/v2\/media?parent=4317"}],"wp:term":[{"taxonomy":"product_cat","embeddable":true,"href":"http:\/\/voxcwb.com.br\/w\/wp-json\/wp\/v2\/product_cat?post=4317"},{"taxonomy":"product_tag","embeddable":true,"href":"http:\/\/voxcwb.com.br\/w\/wp-json\/wp\/v2\/product_tag?post=4317"}],"curies":[{"name":"wp","href":"https:\/\/api.w.org\/{rel}","templated":true}]}}