
{"id":4323,"date":"2018-09-08T10:59:04","date_gmt":"2018-09-08T13:59:04","guid":{"rendered":"http:\/\/voxcwb.com.br\/w\/?post_type=product&#038;p=4323"},"modified":"2018-12-10T23:30:28","modified_gmt":"2018-12-11T01:30:28","slug":"taca-straus-ambar-lapidada-para-agua","status":"publish","type":"product","link":"http:\/\/voxcwb.com.br\/w\/produto\/taca-straus-ambar-lapidada-para-agua\/","title":{"rendered":"ta\u00e7a Straus \u00e2mbar lapidada para \u00e1gua"},"content":{"rendered":"","protected":false},"excerpt":{"rendered":"","protected":false},"featured_media":4412,"template":"","meta":[],"product_cat":[76],"product_tag":[],"_links":{"self":[{"href":"http:\/\/voxcwb.com.br\/w\/wp-json\/wp\/v2\/product\/4323"}],"collection":[{"href":"http:\/\/voxcwb.com.br\/w\/wp-json\/wp\/v2\/product"}],"about":[{"href":"http:\/\/voxcwb.com.br\/w\/wp-json\/wp\/v2\/types\/product"}],"wp:featuredmedia":[{"embeddable":true,"href":"http:\/\/voxcwb.com.br\/w\/wp-json\/wp\/v2\/media\/4412"}],"wp:attachment":[{"href":"http:\/\/voxcwb.com.br\/w\/wp-json\/wp\/v2\/media?parent=4323"}],"wp:term":[{"taxonomy":"product_cat","embeddable":true,"href":"http:\/\/voxcwb.com.br\/w\/wp-json\/wp\/v2\/product_cat?post=4323"},{"taxonomy":"product_tag","embeddable":true,"href":"http:\/\/voxcwb.com.br\/w\/wp-json\/wp\/v2\/product_tag?post=4323"}],"curies":[{"name":"wp","href":"https:\/\/api.w.org\/{rel}","templated":true}]}}