
{"id":4333,"date":"2018-09-03T11:01:12","date_gmt":"2018-09-03T14:01:12","guid":{"rendered":"http:\/\/voxcwb.com.br\/w\/?post_type=product&#038;p=4333"},"modified":"2018-12-10T23:29:38","modified_gmt":"2018-12-11T01:29:38","slug":"taca-com-pes-prata-para-agua-ou-vinho","status":"publish","type":"product","link":"http:\/\/voxcwb.com.br\/w\/produto\/taca-com-pes-prata-para-agua-ou-vinho\/","title":{"rendered":"ta\u00e7a com p\u00e9s prata para \u00e1gua ou vinho"},"content":{"rendered":"","protected":false},"excerpt":{"rendered":"","protected":false},"featured_media":4334,"template":"","meta":[],"product_cat":[76],"product_tag":[],"_links":{"self":[{"href":"http:\/\/voxcwb.com.br\/w\/wp-json\/wp\/v2\/product\/4333"}],"collection":[{"href":"http:\/\/voxcwb.com.br\/w\/wp-json\/wp\/v2\/product"}],"about":[{"href":"http:\/\/voxcwb.com.br\/w\/wp-json\/wp\/v2\/types\/product"}],"wp:featuredmedia":[{"embeddable":true,"href":"http:\/\/voxcwb.com.br\/w\/wp-json\/wp\/v2\/media\/4334"}],"wp:attachment":[{"href":"http:\/\/voxcwb.com.br\/w\/wp-json\/wp\/v2\/media?parent=4333"}],"wp:term":[{"taxonomy":"product_cat","embeddable":true,"href":"http:\/\/voxcwb.com.br\/w\/wp-json\/wp\/v2\/product_cat?post=4333"},{"taxonomy":"product_tag","embeddable":true,"href":"http:\/\/voxcwb.com.br\/w\/wp-json\/wp\/v2\/product_tag?post=4333"}],"curies":[{"name":"wp","href":"https:\/\/api.w.org\/{rel}","templated":true}]}}