
{"id":4339,"date":"2018-08-30T11:02:57","date_gmt":"2018-08-30T14:02:57","guid":{"rendered":"http:\/\/voxcwb.com.br\/w\/?post_type=product&#038;p=4339"},"modified":"2018-12-10T23:29:09","modified_gmt":"2018-12-11T01:29:09","slug":"taca-viena-para-agua-ou-vinho-pintada-a-mao-com-friso-ouro","status":"publish","type":"product","link":"http:\/\/voxcwb.com.br\/w\/produto\/taca-viena-para-agua-ou-vinho-pintada-a-mao-com-friso-ouro\/","title":{"rendered":"ta\u00e7a Viena para \u00e1gua ou vinho pintada a m\u00e3o com friso ouro"},"content":{"rendered":"","protected":false},"excerpt":{"rendered":"","protected":false},"featured_media":4340,"template":"","meta":[],"product_cat":[76],"product_tag":[],"_links":{"self":[{"href":"http:\/\/voxcwb.com.br\/w\/wp-json\/wp\/v2\/product\/4339"}],"collection":[{"href":"http:\/\/voxcwb.com.br\/w\/wp-json\/wp\/v2\/product"}],"about":[{"href":"http:\/\/voxcwb.com.br\/w\/wp-json\/wp\/v2\/types\/product"}],"wp:featuredmedia":[{"embeddable":true,"href":"http:\/\/voxcwb.com.br\/w\/wp-json\/wp\/v2\/media\/4340"}],"wp:attachment":[{"href":"http:\/\/voxcwb.com.br\/w\/wp-json\/wp\/v2\/media?parent=4339"}],"wp:term":[{"taxonomy":"product_cat","embeddable":true,"href":"http:\/\/voxcwb.com.br\/w\/wp-json\/wp\/v2\/product_cat?post=4339"},{"taxonomy":"product_tag","embeddable":true,"href":"http:\/\/voxcwb.com.br\/w\/wp-json\/wp\/v2\/product_tag?post=4339"}],"curies":[{"name":"wp","href":"https:\/\/api.w.org\/{rel}","templated":true}]}}