
{"id":4347,"date":"2018-08-26T11:05:03","date_gmt":"2018-08-26T14:05:03","guid":{"rendered":"http:\/\/voxcwb.com.br\/w\/?post_type=product&#038;p=4347"},"modified":"2018-12-10T23:28:20","modified_gmt":"2018-12-11T01:28:20","slug":"taca-italiana-pintada-a-mao-com-filigranas-prata-para-agua-vinho","status":"publish","type":"product","link":"http:\/\/voxcwb.com.br\/w\/produto\/taca-italiana-pintada-a-mao-com-filigranas-prata-para-agua-vinho\/","title":{"rendered":"ta\u00e7a italiana pintada a m\u00e3o com filigranas prata para \u00e1gua\/vinho"},"content":{"rendered":"","protected":false},"excerpt":{"rendered":"","protected":false},"featured_media":4348,"template":"","meta":[],"product_cat":[76],"product_tag":[],"_links":{"self":[{"href":"http:\/\/voxcwb.com.br\/w\/wp-json\/wp\/v2\/product\/4347"}],"collection":[{"href":"http:\/\/voxcwb.com.br\/w\/wp-json\/wp\/v2\/product"}],"about":[{"href":"http:\/\/voxcwb.com.br\/w\/wp-json\/wp\/v2\/types\/product"}],"wp:featuredmedia":[{"embeddable":true,"href":"http:\/\/voxcwb.com.br\/w\/wp-json\/wp\/v2\/media\/4348"}],"wp:attachment":[{"href":"http:\/\/voxcwb.com.br\/w\/wp-json\/wp\/v2\/media?parent=4347"}],"wp:term":[{"taxonomy":"product_cat","embeddable":true,"href":"http:\/\/voxcwb.com.br\/w\/wp-json\/wp\/v2\/product_cat?post=4347"},{"taxonomy":"product_tag","embeddable":true,"href":"http:\/\/voxcwb.com.br\/w\/wp-json\/wp\/v2\/product_tag?post=4347"}],"curies":[{"name":"wp","href":"https:\/\/api.w.org\/{rel}","templated":true}]}}