
{"id":4681,"date":"2018-09-07T15:04:30","date_gmt":"2018-09-07T18:04:30","guid":{"rendered":"http:\/\/voxcwb.com.br\/w\/?post_type=product&#038;p=4681"},"modified":"2018-12-18T11:32:03","modified_gmt":"2018-12-18T13:32:03","slug":"sofa-pop-kartell-em-acrilico-e-couro-preto-4-lugares","status":"publish","type":"product","link":"http:\/\/voxcwb.com.br\/w\/produto\/sofa-pop-kartell-em-acrilico-e-couro-preto-4-lugares\/","title":{"rendered":"Sof\u00e1 Pop Kartell em acr\u00edlico e couro preto &#8211; 4 lugares"},"content":{"rendered":"<p>(dispon\u00edvel at\u00e9 10 lugares)<\/p>\n","protected":false},"excerpt":{"rendered":"<p>(dispon\u00edvel at\u00e9 10 lugares)<\/p>\n","protected":false},"featured_media":4527,"template":"","meta":[],"product_cat":[75],"product_tag":[],"_links":{"self":[{"href":"http:\/\/voxcwb.com.br\/w\/wp-json\/wp\/v2\/product\/4681"}],"collection":[{"href":"http:\/\/voxcwb.com.br\/w\/wp-json\/wp\/v2\/product"}],"about":[{"href":"http:\/\/voxcwb.com.br\/w\/wp-json\/wp\/v2\/types\/product"}],"wp:featuredmedia":[{"embeddable":true,"href":"http:\/\/voxcwb.com.br\/w\/wp-json\/wp\/v2\/media\/4527"}],"wp:attachment":[{"href":"http:\/\/voxcwb.com.br\/w\/wp-json\/wp\/v2\/media?parent=4681"}],"wp:term":[{"taxonomy":"product_cat","embeddable":true,"href":"http:\/\/voxcwb.com.br\/w\/wp-json\/wp\/v2\/product_cat?post=4681"},{"taxonomy":"product_tag","embeddable":true,"href":"http:\/\/voxcwb.com.br\/w\/wp-json\/wp\/v2\/product_tag?post=4681"}],"curies":[{"name":"wp","href":"https:\/\/api.w.org\/{rel}","templated":true}]}}