
{"id":4684,"date":"2018-09-04T15:07:02","date_gmt":"2018-09-04T18:07:02","guid":{"rendered":"http:\/\/voxcwb.com.br\/w\/?post_type=product&#038;p=4684"},"modified":"2018-12-18T11:31:44","modified_gmt":"2018-12-18T13:31:44","slug":"sofa-pop-kartell-em-acrilico-e-couro-branco-5-lugares","status":"publish","type":"product","link":"http:\/\/voxcwb.com.br\/w\/produto\/sofa-pop-kartell-em-acrilico-e-couro-branco-5-lugares\/","title":{"rendered":"Sof\u00e1 Pop Kartell em acr\u00edlico e couro branco &#8211; 5 lugares"},"content":{"rendered":"<p>(dispon\u00edvel at\u00e9 10 lugares)<\/p>\n","protected":false},"excerpt":{"rendered":"<p>(dispon\u00edvel at\u00e9 10 lugares)<\/p>\n","protected":false},"featured_media":4529,"template":"","meta":[],"product_cat":[75],"product_tag":[],"_links":{"self":[{"href":"http:\/\/voxcwb.com.br\/w\/wp-json\/wp\/v2\/product\/4684"}],"collection":[{"href":"http:\/\/voxcwb.com.br\/w\/wp-json\/wp\/v2\/product"}],"about":[{"href":"http:\/\/voxcwb.com.br\/w\/wp-json\/wp\/v2\/types\/product"}],"wp:featuredmedia":[{"embeddable":true,"href":"http:\/\/voxcwb.com.br\/w\/wp-json\/wp\/v2\/media\/4529"}],"wp:attachment":[{"href":"http:\/\/voxcwb.com.br\/w\/wp-json\/wp\/v2\/media?parent=4684"}],"wp:term":[{"taxonomy":"product_cat","embeddable":true,"href":"http:\/\/voxcwb.com.br\/w\/wp-json\/wp\/v2\/product_cat?post=4684"},{"taxonomy":"product_tag","embeddable":true,"href":"http:\/\/voxcwb.com.br\/w\/wp-json\/wp\/v2\/product_tag?post=4684"}],"curies":[{"name":"wp","href":"https:\/\/api.w.org\/{rel}","templated":true}]}}