
{"id":5607,"date":"2018-11-08T13:42:20","date_gmt":"2018-11-08T15:42:20","guid":{"rendered":"http:\/\/voxcwb.com.br\/w\/?post_type=product&#038;p=5607"},"modified":"2019-03-13T18:34:42","modified_gmt":"2019-03-13T21:34:42","slug":"mesa-esplendor-black-c-lapidacao-veneziana-e-cristais","status":"publish","type":"product","link":"http:\/\/voxcwb.com.br\/w\/produto\/mesa-esplendor-black-c-lapidacao-veneziana-e-cristais\/","title":{"rendered":"mesa esplendor black c\/ lapida\u00e7\u00e3o veneziana e cristais"},"content":{"rendered":"<p>4,10 x 1,20 x 0,80  expans\u00edvel at\u00e9  5,82m<\/p>\n","protected":false},"excerpt":{"rendered":"<p>4,10 x 1,20 x 0,80 expans\u00edvel at\u00e9 5,82m<\/p>\n","protected":false},"featured_media":5551,"template":"","meta":[],"product_cat":[70],"product_tag":[],"_links":{"self":[{"href":"http:\/\/voxcwb.com.br\/w\/wp-json\/wp\/v2\/product\/5607"}],"collection":[{"href":"http:\/\/voxcwb.com.br\/w\/wp-json\/wp\/v2\/product"}],"about":[{"href":"http:\/\/voxcwb.com.br\/w\/wp-json\/wp\/v2\/types\/product"}],"wp:featuredmedia":[{"embeddable":true,"href":"http:\/\/voxcwb.com.br\/w\/wp-json\/wp\/v2\/media\/5551"}],"wp:attachment":[{"href":"http:\/\/voxcwb.com.br\/w\/wp-json\/wp\/v2\/media?parent=5607"}],"wp:term":[{"taxonomy":"product_cat","embeddable":true,"href":"http:\/\/voxcwb.com.br\/w\/wp-json\/wp\/v2\/product_cat?post=5607"},{"taxonomy":"product_tag","embeddable":true,"href":"http:\/\/voxcwb.com.br\/w\/wp-json\/wp\/v2\/product_tag?post=5607"}],"curies":[{"name":"wp","href":"https:\/\/api.w.org\/{rel}","templated":true}]}}