
{"id":5651,"date":"2018-09-26T14:09:02","date_gmt":"2018-09-26T17:09:02","guid":{"rendered":"http:\/\/voxcwb.com.br\/w\/?post_type=product&#038;p=5651"},"modified":"2019-03-13T18:25:37","modified_gmt":"2019-03-13T21:25:37","slug":"mesa-em-formica-para-buffet","status":"publish","type":"product","link":"http:\/\/voxcwb.com.br\/w\/produto\/mesa-em-formica-para-buffet\/","title":{"rendered":"mesa em f\u00f3rmica para buffet"},"content":{"rendered":"<p>com p\u00e9s dobr\u00e1veis  2.73m<\/p>\n","protected":false},"excerpt":{"rendered":"<p>com p\u00e9s dobr\u00e1veis 2.73m<\/p>\n","protected":false},"featured_media":5479,"template":"","meta":[],"product_cat":[70],"product_tag":[],"_links":{"self":[{"href":"http:\/\/voxcwb.com.br\/w\/wp-json\/wp\/v2\/product\/5651"}],"collection":[{"href":"http:\/\/voxcwb.com.br\/w\/wp-json\/wp\/v2\/product"}],"about":[{"href":"http:\/\/voxcwb.com.br\/w\/wp-json\/wp\/v2\/types\/product"}],"wp:featuredmedia":[{"embeddable":true,"href":"http:\/\/voxcwb.com.br\/w\/wp-json\/wp\/v2\/media\/5479"}],"wp:attachment":[{"href":"http:\/\/voxcwb.com.br\/w\/wp-json\/wp\/v2\/media?parent=5651"}],"wp:term":[{"taxonomy":"product_cat","embeddable":true,"href":"http:\/\/voxcwb.com.br\/w\/wp-json\/wp\/v2\/product_cat?post=5651"},{"taxonomy":"product_tag","embeddable":true,"href":"http:\/\/voxcwb.com.br\/w\/wp-json\/wp\/v2\/product_tag?post=5651"}],"curies":[{"name":"wp","href":"https:\/\/api.w.org\/{rel}","templated":true}]}}