
{"id":5652,"date":"2018-09-25T14:09:41","date_gmt":"2018-09-25T17:09:41","guid":{"rendered":"http:\/\/voxcwb.com.br\/w\/?post_type=product&#038;p=5652"},"modified":"2019-03-13T18:25:28","modified_gmt":"2019-03-13T21:25:28","slug":"mesa-redonda-em-formica-com-pes-dobraveis","status":"publish","type":"product","link":"http:\/\/voxcwb.com.br\/w\/produto\/mesa-redonda-em-formica-com-pes-dobraveis\/","title":{"rendered":"mesa redonda em f\u00f3rmica com p\u00e9s dobr\u00e1veis"},"content":{"rendered":"<p>1.60mx80cm<\/p>\n","protected":false},"excerpt":{"rendered":"<p>1.60mx80cm<\/p>\n","protected":false},"featured_media":5457,"template":"","meta":[],"product_cat":[70],"product_tag":[],"_links":{"self":[{"href":"http:\/\/voxcwb.com.br\/w\/wp-json\/wp\/v2\/product\/5652"}],"collection":[{"href":"http:\/\/voxcwb.com.br\/w\/wp-json\/wp\/v2\/product"}],"about":[{"href":"http:\/\/voxcwb.com.br\/w\/wp-json\/wp\/v2\/types\/product"}],"wp:featuredmedia":[{"embeddable":true,"href":"http:\/\/voxcwb.com.br\/w\/wp-json\/wp\/v2\/media\/5457"}],"wp:attachment":[{"href":"http:\/\/voxcwb.com.br\/w\/wp-json\/wp\/v2\/media?parent=5652"}],"wp:term":[{"taxonomy":"product_cat","embeddable":true,"href":"http:\/\/voxcwb.com.br\/w\/wp-json\/wp\/v2\/product_cat?post=5652"},{"taxonomy":"product_tag","embeddable":true,"href":"http:\/\/voxcwb.com.br\/w\/wp-json\/wp\/v2\/product_tag?post=5652"}],"curies":[{"name":"wp","href":"https:\/\/api.w.org\/{rel}","templated":true}]}}